{"id":15,"date":"2026-01-20T17:06:44","date_gmt":"2026-01-20T17:06:44","guid":{"rendered":"https:\/\/www.visitebeaujolais.fr\/?page_id=15"},"modified":"2026-02-03T14:42:52","modified_gmt":"2026-02-03T14:42:52","slug":"visites-primaires","status":"publish","type":"page","link":"http:\/\/www.visitebeaujolais.fr\/index.php\/visites-primaires\/","title":{"rendered":"Visites sur site"},"content":{"rendered":"\n<p class=\"has-text-align-center has-medium-font-size\">On vous emm\u00e8ne \u00e0 la d\u00e9couverte de g\u00e9osites et de lieux embl\u00e9matiques du Beaujolais, \u00e0 la g\u00e9ologie exceptionnelle. <\/p>\n\n\n\n<p class=\"has-text-align-center has-medium-font-size\">De Juli\u00e9nas \u00e0 Villefranche, en passant par Chiroubles et le Mont Brouilly, \u00e0 la d\u00e9couverte des richesses g\u00e9ologiques du Beaujolais. <\/p>\n\n\n\n<p><\/p>\n\n\n\n<div class=\"wp-block-group is-layout-grid wp-container-core-group-is-layout-478b6e6b wp-block-group-is-layout-grid\">\n<figure class=\"wp-block-gallery has-nested-images columns-default is-cropped wp-block-gallery-1 is-layout-flex wp-block-gallery-is-layout-flex\">\n<figure class=\"wp-block-image size-large\"><img loading=\"lazy\" decoding=\"async\" width=\"1024\" height=\"768\" data-id=\"87\" src=\"https:\/\/www.visitebeaujolais.fr\/wp-content\/uploads\/2026\/01\/IMG_20220110_14190714659-1024x768.jpg\" alt=\"\" class=\"wp-image-87\" srcset=\"http:\/\/www.visitebeaujolais.fr\/wp-content\/uploads\/2026\/01\/IMG_20220110_14190714659-1024x768.jpg 1024w, http:\/\/www.visitebeaujolais.fr\/wp-content\/uploads\/2026\/01\/IMG_20220110_14190714659-300x225.jpg 300w, http:\/\/www.visitebeaujolais.fr\/wp-content\/uploads\/2026\/01\/IMG_20220110_14190714659-768x576.jpg 768w, http:\/\/www.visitebeaujolais.fr\/wp-content\/uploads\/2026\/01\/IMG_20220110_14190714659-1536x1152.jpg 1536w, http:\/\/www.visitebeaujolais.fr\/wp-content\/uploads\/2026\/01\/IMG_20220110_14190714659-2048x1536.jpg 2048w\" sizes=\"auto, (max-width: 1024px) 100vw, 1024px\" \/><\/figure>\n<\/figure>\n\n\n\n<figure class=\"wp-block-gallery has-nested-images columns-default is-cropped wp-block-gallery-2 is-layout-flex wp-block-gallery-is-layout-flex\">\n<figure class=\"wp-block-image size-large\"><a href=\"https:\/\/www.visitebeaujolais.fr\/index.php\/2026\/01\/20\/himalaya\/\"><img loading=\"lazy\" decoding=\"async\" width=\"461\" height=\"1024\" data-id=\"101\" src=\"https:\/\/www.visitebeaujolais.fr\/wp-content\/uploads\/2026\/01\/IMG_20251201_110632-461x1024.jpg\" alt=\"\" class=\"wp-image-101\" srcset=\"http:\/\/www.visitebeaujolais.fr\/wp-content\/uploads\/2026\/01\/IMG_20251201_110632-461x1024.jpg 461w, http:\/\/www.visitebeaujolais.fr\/wp-content\/uploads\/2026\/01\/IMG_20251201_110632-135x300.jpg 135w, http:\/\/www.visitebeaujolais.fr\/wp-content\/uploads\/2026\/01\/IMG_20251201_110632-768x1707.jpg 768w, http:\/\/www.visitebeaujolais.fr\/wp-content\/uploads\/2026\/01\/IMG_20251201_110632-691x1536.jpg 691w, http:\/\/www.visitebeaujolais.fr\/wp-content\/uploads\/2026\/01\/IMG_20251201_110632-922x2048.jpg 922w, http:\/\/www.visitebeaujolais.fr\/wp-content\/uploads\/2026\/01\/IMG_20251201_110632-scaled.jpg 1152w\" sizes=\"auto, (max-width: 461px) 100vw, 461px\" \/><\/a><\/figure>\n<\/figure>\n\n\n\n<figure class=\"wp-block-gallery has-nested-images columns-default is-cropped wp-block-gallery-3 is-layout-flex wp-block-gallery-is-layout-flex\">\n<figure class=\"wp-block-image size-large\"><a href=\"https:\/\/www.visitebeaujolais.fr\/index.php\/2026\/01\/20\/dubai\/\"><img loading=\"lazy\" decoding=\"async\" width=\"1024\" height=\"461\" data-id=\"113\" src=\"https:\/\/www.visitebeaujolais.fr\/wp-content\/uploads\/2026\/02\/IMG_20251202_094008-1024x461.jpg\" alt=\"\" class=\"wp-image-113\" srcset=\"http:\/\/www.visitebeaujolais.fr\/wp-content\/uploads\/2026\/02\/IMG_20251202_094008-1024x461.jpg 1024w, http:\/\/www.visitebeaujolais.fr\/wp-content\/uploads\/2026\/02\/IMG_20251202_094008-300x135.jpg 300w, http:\/\/www.visitebeaujolais.fr\/wp-content\/uploads\/2026\/02\/IMG_20251202_094008-768x346.jpg 768w, http:\/\/www.visitebeaujolais.fr\/wp-content\/uploads\/2026\/02\/IMG_20251202_094008-1536x691.jpg 1536w, http:\/\/www.visitebeaujolais.fr\/wp-content\/uploads\/2026\/02\/IMG_20251202_094008-2048x922.jpg 2048w\" sizes=\"auto, (max-width: 1024px) 100vw, 1024px\" \/><\/a><\/figure>\n<\/figure>\n\n\n\n<figure class=\"wp-block-gallery has-nested-images columns-default is-cropped wp-block-gallery-4 is-layout-flex wp-block-gallery-is-layout-flex\">\n<figure class=\"wp-block-image size-large\"><a href=\"https:\/\/www.visitebeaujolais.fr\/index.php\/2026\/01\/20\/iceland\/\"><img loading=\"lazy\" decoding=\"async\" width=\"696\" height=\"1024\" data-id=\"83\" src=\"https:\/\/www.visitebeaujolais.fr\/wp-content\/uploads\/2026\/01\/tour-bourdon-696x1024.jpg\" alt=\"\" class=\"wp-image-83\" srcset=\"http:\/\/www.visitebeaujolais.fr\/wp-content\/uploads\/2026\/01\/tour-bourdon-696x1024.jpg 696w, http:\/\/www.visitebeaujolais.fr\/wp-content\/uploads\/2026\/01\/tour-bourdon-204x300.jpg 204w, http:\/\/www.visitebeaujolais.fr\/wp-content\/uploads\/2026\/01\/tour-bourdon-768x1129.jpg 768w, http:\/\/www.visitebeaujolais.fr\/wp-content\/uploads\/2026\/01\/tour-bourdon-1044x1536.jpg 1044w, http:\/\/www.visitebeaujolais.fr\/wp-content\/uploads\/2026\/01\/tour-bourdon-1393x2048.jpg 1393w, http:\/\/www.visitebeaujolais.fr\/wp-content\/uploads\/2026\/01\/tour-bourdon-scaled.jpg 1741w\" sizes=\"auto, (max-width: 696px) 100vw, 696px\" \/><\/a><\/figure>\n<\/figure>\n<\/div>\n\n\n\n<p><\/p>\n","protected":false},"excerpt":{"rendered":"<p>On vous emm\u00e8ne \u00e0 la d\u00e9couverte de g\u00e9osites et de lieux embl\u00e9matiques du Beaujolais, \u00e0 la g\u00e9ologie exceptionnelle. De Juli\u00e9nas \u00e0 Villefranche, en passant par Chiroubles et le Mont Brouilly, \u00e0 la d\u00e9couverte des richesses g\u00e9ologiques du Beaujolais.<\/p>\n","protected":false},"author":1,"featured_media":0,"parent":0,"menu_order":0,"comment_status":"closed","ping_status":"closed","template":"","meta":{"footnotes":""},"class_list":["post-15","page","type-page","status-publish","hentry"],"_links":{"self":[{"href":"http:\/\/www.visitebeaujolais.fr\/index.php\/wp-json\/wp\/v2\/pages\/15","targetHints":{"allow":["GET"]}}],"collection":[{"href":"http:\/\/www.visitebeaujolais.fr\/index.php\/wp-json\/wp\/v2\/pages"}],"about":[{"href":"http:\/\/www.visitebeaujolais.fr\/index.php\/wp-json\/wp\/v2\/types\/page"}],"author":[{"embeddable":true,"href":"http:\/\/www.visitebeaujolais.fr\/index.php\/wp-json\/wp\/v2\/users\/1"}],"replies":[{"embeddable":true,"href":"http:\/\/www.visitebeaujolais.fr\/index.php\/wp-json\/wp\/v2\/comments?post=15"}],"version-history":[{"count":8,"href":"http:\/\/www.visitebeaujolais.fr\/index.php\/wp-json\/wp\/v2\/pages\/15\/revisions"}],"predecessor-version":[{"id":117,"href":"http:\/\/www.visitebeaujolais.fr\/index.php\/wp-json\/wp\/v2\/pages\/15\/revisions\/117"}],"wp:attachment":[{"href":"http:\/\/www.visitebeaujolais.fr\/index.php\/wp-json\/wp\/v2\/media?parent=15"}],"curies":[{"name":"wp","href":"https:\/\/api.w.org\/{rel}","templated":true}]}}